{"id":48,"date":"2018-07-19T08:54:22","date_gmt":"2018-07-19T08:54:22","guid":{"rendered":"https:\/\/www.tanocpa.com\/?page_id=48"},"modified":"2019-08-19T12:12:00","modified_gmt":"2019-08-19T12:12:00","slug":"tax-and-accounting-services","status":"publish","type":"page","link":"https:\/\/www.tanocpa.com\/fr\/tax-and-accounting-services\/","title":{"rendered":"Service Comptable &#038; Fiscal pour Entreprises \u00e0 Gatineau Ottawa"},"content":{"rendered":"<p><img fetchpriority=\"high\" decoding=\"async\" src=\"https:\/\/www.tanocpa.com\/wp-content\/uploads\/2018\/08\/service-300x196.jpg\" title=\"Tax and Accounting Services - Clinton Tano, CPA\" alt=\"Tax and Accounting Services - Clinton Tano, CPA\" class=\"size-medium wp-image-251 alignright\" width=\"300\" height=\"196\" srcset=\"https:\/\/www.tanocpa.com\/wp-content\/uploads\/2018\/08\/service-300x196.jpg 300w, https:\/\/www.tanocpa.com\/wp-content\/uploads\/2018\/08\/service.jpg 375w\" sizes=\"(max-width: 300px) 100vw, 300px\" \/><\/p>\n<p>Notre firme de Comptable Professionnel Agr\u00e9\u00e9 offre des <strong>services fiscaux et comptables<\/strong> dans la r\u00e9gion de <strong>Gatineau Ottawa<\/strong>. Notre approche est adapt\u00e9e \u00e0 la r\u00e9alit\u00e9 des petites et moyennes entreprises.<\/p>\n<p>Nous solution cl\u00e9 en main pinclu la la production de vos <strong>\u00c9tats financiers<\/strong> annuels, vos <strong>d\u00e9clarations d\u2019imp\u00f4ts <\/strong>de soci\u00e9t\u00e9 et de particuliers, vos remises de <strong>taxes<\/strong> (TPS, TVQ, TVH, DAS, etc) Nous saurons r\u00e9pondre \u00e0 vos besoins.<\/p>\n<div class=\"clearfix\"><\/div>\n<ul class=\"inner_serv_list\">\n<li><i class=\"fas fa-chart-area\"><\/i> <a href=\"https:\/\/www.tanocpa.com\/fr\/monthly-bookkeeping-and-financial-statements-tax\/\">\u00c9tats financiers<\/a><\/li>\n<li><i class=\"fas fa-calculator\"><\/i> <a href=\"https:\/\/www.tanocpa.com\/taxation\/\">Fiscalit\u00e9<\/a><\/li>\n<li><i class=\"fas fa-book\"><\/i> <a href=\"https:\/\/www.tanocpa.com\/tools\/forms\/bookkeeping\/\">Tenue de livres<\/a><\/li>\n<li><i class=\"fas fa-list\"><\/i> <a href=\"https:\/\/www.tanocpa.com\/payroll-service\/\">Service de la paie<\/a><\/li>\n<\/ul>\n<p><\/p>","protected":false},"excerpt":{"rendered":"<p>Notre firme de Comptable Professionnel Agr\u00e9\u00e9 offre des services fiscaux et comptables dans la r\u00e9gion de Gatineau Ottawa. Notre approche est adapt\u00e9e \u00e0 la r\u00e9alit\u00e9 des petites et moyennes entreprises. Nous solution cl\u00e9 en main pinclu la la production de vos \u00c9tats financiers annuels, vos d\u00e9clarations d\u2019imp\u00f4ts de soci\u00e9t\u00e9 et de particuliers, vos remises de [&hellip;]<\/p>\n","protected":false},"author":1,"featured_media":0,"parent":0,"menu_order":0,"comment_status":"closed","ping_status":"closed","template":"","meta":{"_acf_changed":false,"footnotes":""},"acf":[],"_links":{"self":[{"href":"https:\/\/www.tanocpa.com\/fr\/wp-json\/wp\/v2\/pages\/48"}],"collection":[{"href":"https:\/\/www.tanocpa.com\/fr\/wp-json\/wp\/v2\/pages"}],"about":[{"href":"https:\/\/www.tanocpa.com\/fr\/wp-json\/wp\/v2\/types\/page"}],"author":[{"embeddable":true,"href":"https:\/\/www.tanocpa.com\/fr\/wp-json\/wp\/v2\/users\/1"}],"replies":[{"embeddable":true,"href":"https:\/\/www.tanocpa.com\/fr\/wp-json\/wp\/v2\/comments?post=48"}],"version-history":[{"count":46,"href":"https:\/\/www.tanocpa.com\/fr\/wp-json\/wp\/v2\/pages\/48\/revisions"}],"predecessor-version":[{"id":1227,"href":"https:\/\/www.tanocpa.com\/fr\/wp-json\/wp\/v2\/pages\/48\/revisions\/1227"}],"wp:attachment":[{"href":"https:\/\/www.tanocpa.com\/fr\/wp-json\/wp\/v2\/media?parent=48"}],"curies":[{"name":"wp","href":"https:\/\/api.w.org\/{rel}","templated":true}]}}