{"id":1095,"date":"2019-06-20T07:06:53","date_gmt":"2019-06-20T07:06:53","guid":{"rendered":"https:\/\/www.tanocpa.com\/?page_id=1095"},"modified":"2023-08-25T09:55:20","modified_gmt":"2023-08-25T09:55:20","slug":"real-estate","status":"publish","type":"page","link":"https:\/\/www.tanocpa.com\/fr\/sectors\/real-estate\/","title":{"rendered":"Immobilier"},"content":{"rendered":"<p><\/p>\n<div class=\"banner-wrapper\">\n<div class=\"banner-content\">\n<div class=\"container\">\n<div class=\"row\">\n<div class=\"col-md-6 col-sm-6\">\n<div class=\"banner-content-text\">\n<h2>Services d&rsquo;Imp\u00f4ts de Comptabilit\u00e9 pour le secteur Immobilier<\/h2>\n<p>Payez-vous trop d\u2019imp\u00f4ts sur vos profits durement gagn\u00e9? Nous vous aidons \u00e0 planifier et optimiser vos Imp\u00f4ts.<\/p>\n<\/div>\n<\/div>\n<div class=\"col-md-6 col-sm-6\">\n<div class=\"top_form\">\n<div class=\"wpcf7 no-js\" id=\"wpcf7-f1159-o3\" lang=\"en-US\" dir=\"ltr\">\n<div class=\"screen-reader-response\"><p role=\"status\" aria-live=\"polite\" aria-atomic=\"true\"><\/p> <ul><\/ul><\/div>\n<form action=\"\/fr\/wp-json\/wp\/v2\/pages\/1095#wpcf7-f1159-o3\" method=\"post\" class=\"wpcf7-form init\" aria-label=\"Contact form\" novalidate=\"novalidate\" data-status=\"init\">\n<div style=\"display: none;\">\n<input type=\"hidden\" name=\"_wpcf7\" value=\"1159\" \/>\n<input type=\"hidden\" name=\"_wpcf7_version\" value=\"5.9.5\" \/>\n<input type=\"hidden\" name=\"_wpcf7_locale\" value=\"en_US\" \/>\n<input type=\"hidden\" name=\"_wpcf7_unit_tag\" value=\"wpcf7-f1159-o3\" \/>\n<input type=\"hidden\" name=\"_wpcf7_container_post\" value=\"0\" \/>\n<input type=\"hidden\" name=\"_wpcf7_posted_data_hash\" value=\"\" \/>\n<input type=\"hidden\" name=\"_map_author\" value=\"1\" \/>\n<input type=\"hidden\" name=\"_c2p_nonce\" value=\"411f295d70\" \/>\n<input type=\"hidden\" name=\"_wpnonce\" value=\"6d82f04390\" \/>\n<\/div>\n<div class=\"form-group\">\n\t<p><span class=\"wpcf7-form-control-wrap\" data-name=\"Name\"><input size=\"40\" class=\"wpcf7-form-control wpcf7-text wpcf7-validates-as-required form-control\" aria-required=\"true\" aria-invalid=\"false\" placeholder=\"Nom*\" value=\"\" type=\"text\" name=\"Name\" \/><\/span>\n\t<\/p>\n<\/div>\n<div class=\"form-group\">\n\t<p><span class=\"wpcf7-form-control-wrap\" data-name=\"Email\"><input size=\"40\" class=\"wpcf7-form-control wpcf7-email wpcf7-validates-as-required wpcf7-text wpcf7-validates-as-email form-control\" aria-required=\"true\" aria-invalid=\"false\" placeholder=\"Courriel*\" value=\"\" type=\"email\" name=\"Email\" \/><\/span>\n\t<\/p>\n<\/div>\n<div class=\"form-group\">\n\t<p><span class=\"wpcf7-form-control-wrap\" data-name=\"Phone\"><input size=\"40\" class=\"wpcf7-form-control wpcf7-tel wpcf7-validates-as-required wpcf7-text wpcf7-validates-as-tel form-control\" aria-required=\"true\" aria-invalid=\"false\" placeholder=\"Telephone*\" value=\"\" type=\"tel\" name=\"Phone\" \/><\/span>\n\t<\/p>\n<\/div>\n<div class=\"form-group\">\n\t<p><span class=\"wpcf7-form-control-wrap\" data-name=\"Message\"><textarea cols=\"50\" rows=\"4\" class=\"wpcf7-form-control wpcf7-textarea form-control\" aria-invalid=\"false\" placeholder=\"Message\" name=\"Message\"><\/textarea><\/span>\n\t<\/p>\n<\/div>\n<div class=\"form-group\">\n\t<p><input class=\"wpcf7-form-control wpcf7-submit has-spinner btn btn_default\" type=\"submit\" value=\"Obtenir une Consultation Gratuite\" \/>\n\t<\/p>\n<\/div><p style=\"display: none !important;\" class=\"akismet-fields-container\" data-prefix=\"_wpcf7_ak_\"><label>&#916;<textarea name=\"_wpcf7_ak_hp_textarea\" cols=\"45\" rows=\"8\" maxlength=\"100\"><\/textarea><\/label><input type=\"hidden\" id=\"ak_js_3\" name=\"_wpcf7_ak_js\" value=\"161\"\/><script>document.getElementById( \"ak_js_3\" ).setAttribute( \"value\", ( new Date() ).getTime() );<\/script><\/p><div class=\"wpcf7-response-output\" aria-hidden=\"true\"><\/div>\n<\/form>\n<\/div>\n<\/div>\n<\/div>\n<\/div>\n<\/div>\n<\/div>\n<\/div>\n<div class=\"section-a\">\n<div class=\"container\">\n<h3>Nous nous concentrons sur vos Imp\u00f4ts et la Comptabilit\u00e9 de votre entreprise. Ainsi donc, vous maximisez vos profits.<\/h3>\n<\/div>\n<\/div>\n<div class=\"section-b\">\n<div class=\"container\">\n<div class=\"row\">\n<div class=\"col-md-6 col-sm-6 \"><img decoding=\"async\" src=\"https:\/\/www.tanocpa.com\/wp-content\/uploads\/2019\/06\/section-b-img1.jpg\" alt=\"\" \/><\/div>\n<div class=\"col-md-6 col-sm-6 \"><img decoding=\"async\" src=\"https:\/\/www.tanocpa.com\/wp-content\/themes\/tanocpa\/lp-realestate\/images\/section-b-img2.jpg\" alt=\"\" \/><\/div>\n<\/div>\n<\/div>\n<\/div>\n<div class=\"section-c\">\n<div class=\"container\">\n<h3>Services de Comptabilit\u00e9 et Imp\u00f4ts pour le secteur Immobilier<\/h3>\n<p>comment planifier et optimiser vos imp\u00f4ts? Si vous \u00eates dans le secteur de l\u2019immobilier, choisir un CPA, Comptable Professionnel Agr\u00e9\u00e9 est un atout solide pour vos affaires.<\/p>\n<p>Nous sommes sp\u00e9cialis\u00e9s en Pr\u00e9paration de d\u00e9clarations d\u2019Imp\u00f4ts de Soci\u00e9t\u00e9 et de Particuliers, Planification fiscale, \u00c9tats financiers audit\u00e9 ou compil\u00e9. Appelez-Nous Aujourd\u2019hui<\/p>\n<div class=\"section-c-button\">\n<div class=\"row\">\n<div class=\"col-md-6 col-sm-6 \"><a id=\"tel-middle\" class=\"btn btn_default livesite-schedule ls-desktop ls-ab-action ls-theme-label\" href=\"https:\/\/live.vcita.com\/site\/tanocpa\/action\/6yntsctkaapdjr0f?mode=embed\" target=\"\" data-origin=\"livesite_menu\" data-options=\"\" rel=\"noopener\">Obtenir une consultation gratuite<\/a><\/div>\n<div class=\"col-md-6 col-sm-6 \"><a id=\"tel-middle\" class=\"btn btn_default\" href=\"tel:(613) 462-3740\"><i class=\"fas fa-phone\"><\/i> Appelez Maintenant: (613) 462-3740<\/a><\/div>\n<\/div>\n<\/div>\n<\/div>\n<\/div>\n<div class=\"section-a-wrapp section-d\">\n<div class=\"container\">\n<h3 class=\"main_heading text-center\">Fiscalit\u00e9 et Comptabilit\u00e9 pour le Secteur Immobilier<\/h3>\n<div class=\"a_boxes\">\n<div class=\"row\">\n<div class=\"col-md-6 col-sm-6 \">\n<ul>\n<li>\n<div class=\"section-d-box\">\n<div class=\"section-d-icons\"><i class=\"fas fa-chart-area\"><\/i><\/div>\n<div class=\"section-d-text\">\n<h4><a href=\"https:\/\/www.tanocpa.com\/monthly-bookkeeping-and-financial-statements-tax\/\">\u00c9tats financiers<\/a><\/h4>\n<div class=\"section-d-points\">\n<p><i class=\"fas fa-check\"><\/i><span>Audit<\/span><\/p>\n<p><i class=\"fas fa-check\"><\/i><span>Examen <\/span><\/p>\n<p><i class=\"fas fa-check\"><\/i><span>Compilation (Avis au lecteur)<\/span><\/p>\n<\/div>\n<\/div>\n<\/div>\n<\/li>\n<\/ul>\n<\/div>\n<div class=\"col-md-6 col-sm-6 \">\n<ul>\n<li>\n<div class=\"section-d-box\">\n<div class=\"section-d-icons\"><i class=\"fas fa-calculator\"><\/i><\/div>\n<div class=\"section-d-text\">\n<h4><a href=\"https:\/\/www.tanocpa.com\/tax-services-in-gatineau-ottawa\/\">Imp\u00f4ts <\/a><\/h4>\n<div class=\"section-d-points\">\n<p><i class=\"fas fa-check\"><\/i><span>Particuliers et Soci\u00e9t\u00e9s<\/span><\/p>\n<p><i class=\"fas fa-check\"><\/i><span>R\u00e9organisation et planification fiscale<\/span><\/p>\n<\/div>\n<\/div>\n<\/div>\n<\/li>\n<\/ul>\n<\/div>\n<div class=\"col-md-6 col-sm-6 \">\n<ul>\n<li>\n<div class=\"section-d-box\">\n<div class=\"section-d-icons\"><i class=\"fas fa-book\"><\/i><\/div>\n<div class=\"section-d-text\">\n<h4><a href=\"https:\/\/www.tanocpa.com\/tools\/forms\/bookkeeping\/\">Tenue de livres<\/a><\/h4>\n<div class=\"section-d-points\">\n<p><i class=\"fas fa-check\"><\/i><span>Tenue de livres informatis\u00e9e avec Quickbooks<\/span><\/p>\n<p><i class=\"fas fa-check\"><\/i><span>Rapport de taxes, TPS, TVQ, TVH <\/span><\/p>\n<\/div>\n<\/div>\n<\/div>\n<\/li>\n<\/ul>\n<\/div>\n<div class=\"col-md-6 col-sm-6 \">\n<ul>\n<li>\n<div class=\"section-d-box\">\n<div class=\"section-d-icons\"><i class=\"fas fa-list\"><\/i><\/div>\n<div class=\"section-d-text\">\n<h4><a href=\"https:\/\/www.tanocpa.com\/payroll-service\/\">Services de paie<\/a><\/h4>\n<div class=\"section-d-points\">\n<p><i class=\"fas fa-check\"><\/i><span>Paie (T4, T4A, T5)<\/span><\/p>\n<\/div>\n<\/div>\n<\/div>\n<\/li>\n<\/ul>\n<\/div>\n<\/div>\n<\/div>\n<\/div>\n<\/div>\n<div class=\"reviews\">\n<div class=\"container\">\n<h3>Google Reviews<\/h3>\n<div class=\"row\">\n<div class=\"col-md-12\">\n<style id=\"sp_testimonial_dynamic_css1436\">#sp-testimonial-free-wrapper-1436 .sp-testimonial-free-section .testimonial-pagination span.swiper-pagination-bullet{background: #cccccc;}#sp-testimonial-free-wrapper-1436 .sp-testimonial-free-section .testimonial-pagination span.swiper-pagination-bullet.swiper-pagination-bullet-active{background: #1595ce;} #sp-testimonial-free-wrapper-1436 .sp-testimonial-free-section .testimonial-nav-arrow{background: transparent;border: 2px solid #777777;color: #777777;}#sp-testimonial-free-wrapper-1436 .sp-testimonial-free-section .testimonial-nav-arrow:hover {background: #1595ce;border-color: #1595ce;color: #ffffff;}#sp-testimonial-free-wrapper-1436 .sp-testimonial-free-section{margin: 0 50px;}#sp-testimonial-free-wrapper-1436 .sp-testimonial-free-section{margin-bottom: 50px;}#sp-testimonial-free-wrapper-1436 .sp-testimonial-free-section .sp-testimonial-client-image img {background: #ffffff;border: 0px solid #dddddd;padding: 0px;}#sp-testimonial-free-wrapper-1436 .sp-testimonial-free-section .sp-testimonial-client-image {text-align: center;}#sp-testimonial-free-wrapper-1436 .sp-testimonial-free-section .sp-testimonial-client-rating{color: #ffb900;}#sp-testimonial-free-wrapper-1436 .sp-testimonial-free-section .sp-testimonial-client-designation{color: #444444;}#sp-testimonial-free-wrapper-1436 .sp-testimonial-free-section .sp-testimonial-client-name{color: #333333;}#sp-testimonial-free-wrapper-1436 .sp-testimonial-free-section .sp-testimonial-client-testimonial{color: #333333;}#sp-testimonial-free-wrapper-1436 .sp-testimonial-free {background : transparent;border: 0px solid #e3e3e3;border-radius: 0px;}<\/style><div id=\"sp-testimonial-free-wrapper-1436\" class=\"sp-testimonial-free-wrapper\"><div id=\"sp-testimonial-free-1436\" class=\"sp-testimonial-free-section tfree-style-theme-one\" dir=\"ltr\" data-preloader=\"\" data-swiper='{&quot;dots&quot;: 1, &quot;spaceBetween&quot;: 20, &quot;adaptiveHeight&quot;: false, &quot;pauseOnHover&quot;: true, &quot;slidesToShow&quot;: 3, &quot;speed&quot;: 600, &quot;arrows&quot;: &quot;1&quot;, &quot;autoplay&quot;: true, &quot;autoplaySpeed&quot;: 3000, &quot;swipe&quot;: true, &quot;swipeToSlide&quot;: false, &quot;draggable&quot;: true, &quot;freeMode&quot;: false, &quot;rtl&quot;: false, &quot;infinite&quot;: true,&quot;slidesPerView&quot;: {&quot;lg_desktop&quot;:3 , &quot;desktop&quot;: 3, &quot;laptop&quot;:3 , &quot;tablet&quot;: 1, &quot;mobile&quot;: 1},&quot;navigation_mobile&quot;: true, &quot;pagination_mobile&quot;:true, &quot;autoplay_mobile&quot;:true}' ><div class=\"swiper-wrapper\"><div class=\"sp-testimonial-item swiper-slide\"><div class=\"sp-testimonial-free\"><div class=\"sp-testimonial-client-image\"><img decoding=\"async\" width=\"40\" height=\"40\" src=\"https:\/\/www.tanocpa.com\/wp-content\/uploads\/2019\/07\/Adrian-Abbott.png\" class=\"tfree-client-image wp-post-image\" alt=\"\" title=\"Adrian Abbott\" \/><\/div><div class=\"sp-testimonial-client-testimonial\"><div class=\"sp-testimonial-content\"><p>Exp\u00e9rience incroyable &#8211; Clinton est tr\u00e8s professionnel. Ce fut un plaisir de faire affaire avec lui et je recommanderais ses services \u00e0 toute personne recherchant un comptable comp\u00e9tent. Je ferai appel \u00e0 lui exclusivement pour tous nos besoins comptables et fiscaux.<\/p><\/div><\/div><h4 class=\"sp-testimonial-client-name\">ADRIAN ABBOTT<\/h4> <div class=\"sp-testimonial-client-designation\">5\/24\/2019<\/div><\/div> <\/div> <div class=\"sp-testimonial-item swiper-slide\"><div class=\"sp-testimonial-free\"><div class=\"sp-testimonial-client-image\"><img decoding=\"async\" width=\"40\" height=\"40\" src=\"https:\/\/www.tanocpa.com\/wp-content\/uploads\/2019\/07\/C-G.png\" class=\"tfree-client-image wp-post-image\" alt=\"\" title=\"C G\" \/><\/div><div class=\"sp-testimonial-client-testimonial\"><div class=\"sp-testimonial-content\"><p>Tr\u00e8s professionnel et \u00e0 l&rsquo;\u00e9coute des besoins des clients. Nous recommandons Clinton. Merci encore pour votre aide et vos conseils.<\/p><\/div><\/div><h4 class=\"sp-testimonial-client-name\">ADRIAN ABBOTT<\/h4> <div class=\"sp-testimonial-client-designation\">2\/12\/2019<\/div><\/div> <\/div> <div class=\"sp-testimonial-item swiper-slide\"><div class=\"sp-testimonial-free\"><div class=\"sp-testimonial-client-image\"><img decoding=\"async\" width=\"40\" height=\"40\" src=\"https:\/\/www.tanocpa.com\/wp-content\/uploads\/2019\/07\/Carline-Tondere.png\" class=\"tfree-client-image wp-post-image\" alt=\"\" title=\"Carline Tondere\" \/><\/div><div class=\"sp-testimonial-client-testimonial\"><div class=\"sp-testimonial-content\"><p>Merci pour votre bon travail, vous \u00eates un expert dans le domaine.<\/p><\/div><\/div><h4 class=\"sp-testimonial-client-name\">CARLINE TONDERE<\/h4> <div class=\"sp-testimonial-client-designation\">12\/07\/2018<\/div><\/div> <\/div> <div class=\"sp-testimonial-item swiper-slide\"><div class=\"sp-testimonial-free\"><div class=\"sp-testimonial-client-image\"><img loading=\"lazy\" decoding=\"async\" width=\"40\" height=\"40\" src=\"https:\/\/www.tanocpa.com\/wp-content\/uploads\/2019\/07\/Adhesives-Lab.png\" class=\"tfree-client-image wp-post-image\" alt=\"\" title=\"Adhesives Lab\" \/><\/div><div class=\"sp-testimonial-client-testimonial\"><div class=\"sp-testimonial-content\"><p>Tr\u00e8s professionnel et \u00e0 l&rsquo;\u00e9coute des besoins des clients. Nous recommandons Clinton. Merci encore pour votre aide et vos conseils.<\/p><\/div><\/div><h4 class=\"sp-testimonial-client-name\">ADHESIVES LAB<\/h4> <div class=\"sp-testimonial-client-designation\">5\/23\/2019<\/div><\/div> <\/div> <div class=\"sp-testimonial-item swiper-slide\"><div class=\"sp-testimonial-free\"><div class=\"sp-testimonial-client-image\"><img loading=\"lazy\" decoding=\"async\" width=\"40\" height=\"40\" src=\"https:\/\/www.tanocpa.com\/wp-content\/uploads\/2019\/07\/Servicao-Canaf-Inc..png\" class=\"tfree-client-image wp-post-image\" alt=\"\" title=\"Servicao Canaf Inc.\" \/><\/div><div class=\"sp-testimonial-client-testimonial\"><div class=\"sp-testimonial-content\"><p><span>Service dynamique, nous avons eu de bons conseils fiscaux pour notre soci\u00e9t\u00e9. Service personnalis\u00e9 de haute qualit\u00e9. Merci \u00e0 Clinton et \u00e0 toute son \u00e9quipe!!<\/span><\/p><\/div><\/div><h4 class=\"sp-testimonial-client-name\">ERVICAO CANAF INC<\/h4> <div class=\"sp-testimonial-client-designation\">8\/29\/2018<\/div><\/div> <\/div> <div class=\"sp-testimonial-item swiper-slide\"><div class=\"sp-testimonial-free\"><div class=\"sp-testimonial-client-image\"><img loading=\"lazy\" decoding=\"async\" width=\"40\" height=\"40\" src=\"https:\/\/www.tanocpa.com\/wp-content\/uploads\/2019\/07\/Jay-Mus.png\" class=\"tfree-client-image wp-post-image\" alt=\"\" title=\"Jay Mus\" \/><\/div><div class=\"sp-testimonial-client-testimonial\"><div class=\"sp-testimonial-content\"><p>L&rsquo;\u00e9quipe est ax\u00e9e sur le client et prend le temps de comprendre ses besoins et de cr\u00e9er le meilleur plan pour l&rsquo;avenir. Je suis tr\u00e8s satisfait de leur travail. Je recommande Clinton Tano et son \u00e9quipe \u00e0 100%.<\/p><\/div><\/div><h4 class=\"sp-testimonial-client-name\">JAY MUS<\/h4> <div class=\"sp-testimonial-client-designation\">2\/17\/2019<\/div><\/div> <\/div> <\/div><div class=\"swiper-pagination testimonial-pagination\"><\/div><div class=\"swiper-button-prev testimonial-nav-arrow\"><i class=\"fa fa-angle-left\"><\/i><\/div><div class=\"swiper-button-next testimonial-nav-arrow\"><i class=\"fa fa-angle-right\"><\/i><\/div><\/div><\/div><\/p>\n<\/div>\n<\/div>\n<\/div>\n<\/div>\n<div class=\"form-wrapp footer-form\">\n<div class=\"container\">\n<h3>Qu&rsquo;est-ce que vous attendez?<\/h3>\n<h4>Cherchez-vous un Comptable Agr\u00e9\u00e9 sp\u00e9cialiste en Imp\u00f4ts pour le secteur Immobilier. Appelez Maintenant !<\/h4>\n<div class=\"row\">\n<div class=\"footer_form\">\n<div class=\"wpcf7 no-js\" id=\"wpcf7-f1158-o4\" lang=\"en-US\" dir=\"ltr\">\n<div class=\"screen-reader-response\"><p role=\"status\" aria-live=\"polite\" aria-atomic=\"true\"><\/p> <ul><\/ul><\/div>\n<form action=\"\/fr\/wp-json\/wp\/v2\/pages\/1095#wpcf7-f1158-o4\" method=\"post\" class=\"wpcf7-form init\" aria-label=\"Contact form\" novalidate=\"novalidate\" data-status=\"init\">\n<div style=\"display: none;\">\n<input type=\"hidden\" name=\"_wpcf7\" value=\"1158\" \/>\n<input type=\"hidden\" name=\"_wpcf7_version\" value=\"5.9.5\" \/>\n<input type=\"hidden\" name=\"_wpcf7_locale\" value=\"en_US\" \/>\n<input type=\"hidden\" name=\"_wpcf7_unit_tag\" value=\"wpcf7-f1158-o4\" \/>\n<input type=\"hidden\" name=\"_wpcf7_container_post\" value=\"0\" \/>\n<input type=\"hidden\" name=\"_wpcf7_posted_data_hash\" value=\"\" \/>\n<input type=\"hidden\" name=\"_map_author\" value=\"1\" \/>\n<input type=\"hidden\" name=\"_c2p_nonce\" value=\"411f295d70\" \/>\n<input type=\"hidden\" name=\"_wpnonce\" value=\"6d82f04390\" \/>\n<\/div>\n<div class=\"col-md-3 col-sm-3\">\n\t<div class=\"form-group\">\n\t\t<p><span class=\"wpcf7-form-control-wrap\" data-name=\"Name\"><input size=\"40\" class=\"wpcf7-form-control wpcf7-text wpcf7-validates-as-required form-control\" aria-required=\"true\" aria-invalid=\"false\" placeholder=\"Nom*\" value=\"\" type=\"text\" name=\"Name\" \/><\/span>\n\t\t<\/p>\n\t<\/div>\n<\/div>\n<div class=\"col-md-3 col-sm-3 \">\n\t<div class=\"form-group\">\n\t\t<p><span class=\"wpcf7-form-control-wrap\" data-name=\"Email\"><input size=\"40\" class=\"wpcf7-form-control wpcf7-email wpcf7-validates-as-required wpcf7-text wpcf7-validates-as-email form-control\" aria-required=\"true\" aria-invalid=\"false\" placeholder=\"Courriel*\" value=\"\" type=\"email\" name=\"Email\" \/><\/span>\n\t\t<\/p>\n\t<\/div>\n<\/div>\n<div class=\"col-md-3 col-sm-3 \">\n\t<div class=\"form-group\">\n\t\t<p><span class=\"wpcf7-form-control-wrap\" data-name=\"Phone\"><input size=\"40\" class=\"wpcf7-form-control wpcf7-tel wpcf7-validates-as-required wpcf7-text wpcf7-validates-as-tel form-control\" aria-required=\"true\" aria-invalid=\"false\" placeholder=\"Telephone*\" value=\"\" type=\"tel\" name=\"Phone\" \/><\/span>\n\t\t<\/p>\n\t<\/div>\n<\/div>\n<div class=\"col-md-3 col-sm-3 \">\n\t<div class=\"form-group\">\n\t\t<p><span class=\"wpcf7-form-control-wrap\" data-name=\"Message\"><input size=\"40\" class=\"wpcf7-form-control wpcf7-text wpcf7-validates-as-required form-control\" aria-required=\"true\" aria-invalid=\"false\" placeholder=\"Message\" value=\"\" type=\"text\" name=\"Message\" \/><\/span>\n\t\t<\/p>\n\t<\/div>\n<\/div>\n<div class=\"footer-form-group-btn\">\n\t<p><input class=\"wpcf7-form-control wpcf7-submit has-spinner btn btn_default\" type=\"submit\" value=\"Obtenir une Consultation Gratuite\" \/>\n\t<\/p>\n<\/div><p style=\"display: none !important;\" class=\"akismet-fields-container\" data-prefix=\"_wpcf7_ak_\"><label>&#916;<textarea name=\"_wpcf7_ak_hp_textarea\" cols=\"45\" rows=\"8\" maxlength=\"100\"><\/textarea><\/label><input type=\"hidden\" id=\"ak_js_4\" name=\"_wpcf7_ak_js\" value=\"16\"\/><script>document.getElementById( \"ak_js_4\" ).setAttribute( \"value\", ( new Date() ).getTime() );<\/script><\/p><div class=\"wpcf7-response-output\" aria-hidden=\"true\"><\/div>\n<\/form>\n<\/div>\n<\/div>\n<\/div>\n<\/div>\n<\/div>\n<p><\/p>","protected":false},"excerpt":{"rendered":"<p>Services d&rsquo;Imp\u00f4ts de Comptabilit\u00e9 pour le secteur Immobilier Payez-vous trop d\u2019imp\u00f4ts sur vos profits durement gagn\u00e9? Nous vous aidons \u00e0 planifier et optimiser vos Imp\u00f4ts. Nous nous concentrons sur vos Imp\u00f4ts et la Comptabilit\u00e9 de votre entreprise. Ainsi donc, vous maximisez vos profits. Services de Comptabilit\u00e9 et Imp\u00f4ts pour le secteur Immobilier comment planifier et [&hellip;]<\/p>\n","protected":false},"author":1,"featured_media":0,"parent":248,"menu_order":0,"comment_status":"closed","ping_status":"closed","template":"lp-realestate\/realestate.php","meta":{"_acf_changed":false,"footnotes":""},"acf":[],"_links":{"self":[{"href":"https:\/\/www.tanocpa.com\/fr\/wp-json\/wp\/v2\/pages\/1095"}],"collection":[{"href":"https:\/\/www.tanocpa.com\/fr\/wp-json\/wp\/v2\/pages"}],"about":[{"href":"https:\/\/www.tanocpa.com\/fr\/wp-json\/wp\/v2\/types\/page"}],"author":[{"embeddable":true,"href":"https:\/\/www.tanocpa.com\/fr\/wp-json\/wp\/v2\/users\/1"}],"replies":[{"embeddable":true,"href":"https:\/\/www.tanocpa.com\/fr\/wp-json\/wp\/v2\/comments?post=1095"}],"version-history":[{"count":32,"href":"https:\/\/www.tanocpa.com\/fr\/wp-json\/wp\/v2\/pages\/1095\/revisions"}],"predecessor-version":[{"id":1478,"href":"https:\/\/www.tanocpa.com\/fr\/wp-json\/wp\/v2\/pages\/1095\/revisions\/1478"}],"up":[{"embeddable":true,"href":"https:\/\/www.tanocpa.com\/fr\/wp-json\/wp\/v2\/pages\/248"}],"wp:attachment":[{"href":"https:\/\/www.tanocpa.com\/fr\/wp-json\/wp\/v2\/media?parent=1095"}],"curies":[{"name":"wp","href":"https:\/\/api.w.org\/{rel}","templated":true}]}}